{"id":84,"date":"2020-03-05T12:14:32","date_gmt":"2020-03-05T11:14:32","guid":{"rendered":"https:\/\/arcdeco-demo.bslthemes.com\/?page_id=84"},"modified":"2021-05-27T12:36:14","modified_gmt":"2021-05-27T10:36:14","slug":"serveis","status":"publish","type":"page","link":"https:\/\/omniahome.cat\/?page_id=84","title":{"rendered":"Serveis"},"content":{"rendered":"\t\t<div data-elementor-type=\"wp-page\" data-elementor-id=\"84\" class=\"elementor elementor-84\">\n\t\t\t\t\t\t<section class=\"elementor-section elementor-top-section elementor-element elementor-element-375a7a0 elementor-section-boxed elementor-section-height-default elementor-section-height-default\" data-id=\"375a7a0\" data-element_type=\"section\" data-e-type=\"section\">\n\t\t\t\t\t\t<div class=\"elementor-container elementor-column-gap-default\">\n\t\t\t\t\t<div class=\"elementor-column elementor-col-100 elementor-top-column elementor-element elementor-element-9235f71\" data-id=\"9235f71\" data-element_type=\"column\" data-e-type=\"column\">\n\t\t\t<div class=\"elementor-widget-wrap elementor-element-populated\">\n\t\t\t\t\t\t<div class=\"elementor-element elementor-element-8af5519 elementor-align-left elementor-widget elementor-widget-arcdeco-about-headings\" data-id=\"8af5519\" data-element_type=\"widget\" data-e-type=\"widget\" data-widget_type=\"arcdeco-about-headings.default\">\n\t\t\t\t<div class=\"elementor-widget-container\">\n\t\t\t\t\t\n        <!-- Heading -->\n\t\t<div class=\"container section-about\">\n\t\t\t\t\t    <span class=\"text-rotate\">\n\t\t    \t<span >Qu\u00e8 fem?<\/span>\n\t\t    <\/span>\n\t\t\t\t\t\t<div class=\"row\">\n\t\t\t\t<div class=\"col-12\">\n\t\t\t    \t\t\t\t\t    <h2 class=\"title title--h1 js-lines\">\n\t\t\t\t    \t<span >Serveis.<\/span>\n\t\t\t\t    <\/h2>\n\t\t\t\t    \t\t\t\t    \t\t\t\t    <div class=\"description js-scroll-show\">\n\t\t\t\t\t    <div ><p align=\"justify\">A OMNIA Home estem enfocats a oferir als nostres clients uns serveis personalitzats al detall. Des de captaci\u00f3 a producte, a gesti\u00f3 de postventa, englobem tots els serveis necessaris per a dur a terme amb \u00e8xit una promoci\u00f3. Dividim els serveis en dos blocs, per brindar al client exactament el que busca.<\/p><\/div>\n\t\t\t\t    <\/div>\n\t\t\t\t    \t\t\t\t<\/div>\n\t\t\t<\/div>\n\t\t<\/div>\n\t\t\t\t\t\t<\/div>\n\t\t\t\t<\/div>\n\t\t\t\t\t<\/div>\n\t\t<\/div>\n\t\t\t\t\t<\/div>\n\t\t<\/section>\n\t\t\t\t<section class=\"elementor-section elementor-top-section elementor-element elementor-element-47d8dfdc elementor-section-boxed elementor-section-height-default elementor-section-height-default\" data-id=\"47d8dfdc\" data-element_type=\"section\" data-e-type=\"section\">\n\t\t\t\t\t\t<div class=\"elementor-container elementor-column-gap-default\">\n\t\t\t\t\t<div class=\"elementor-column elementor-col-50 elementor-top-column elementor-element elementor-element-39ae3bd8\" data-id=\"39ae3bd8\" data-element_type=\"column\" data-e-type=\"column\">\n\t\t\t<div class=\"elementor-widget-wrap elementor-element-populated\">\n\t\t\t\t\t\t<div class=\"elementor-element elementor-element-5021fcd8 elementor-widget elementor-widget-arcdeco-service\" data-id=\"5021fcd8\" data-element_type=\"widget\" data-e-type=\"widget\" data-widget_type=\"arcdeco-service.default\">\n\t\t\t\t<div class=\"elementor-widget-container\">\n\t\t\t\t\t\t\t\n\t\t<!-- Item -->\n\t    <div class=\"services__item js-scroll-show overlay--45\">\n\t    \t\t    \t\t\t    <div class=\"services__item-bg js-image\" data-image=\"https:\/\/omniahome.cat\/wp-content\/uploads\/2021\/04\/Vilafranca-s3.jpg\"><\/div>\n\t\t                <div class=\"services__item-details\">\n            \t\t\t\t    <h4 class=\"title title--h3 js-lines\">\n\t\t\t    \t<span >Gesti\u00f3 de l'edificaci\u00f3<\/span>\n\t\t\t    <\/h4>\n\t\t\t\t\t\t\t\t\t\t\t\t<p class=\"description js-lines\">\n\t\t\t\t\t<span > \u00b7 Gesti\u00f3 de llic\u00e8ncies <br>\n\u00b7 Contractaci\u00f3 industrials <br>\n\u00b7 Gesti\u00f3 conexionats amb companyia<br>\n\u00b7 Auditor\u00eda costos d'execuci\u00f3<br>\n\u00b7 Seguiment de l'obra<br>\n\u00b7 Gesti\u00f3 postventa<br>\n\n\n<\/span>\n\t\t\t\t<\/p>\n\t\t\t\t\t\t\t<\/div>\n\t\t\t\t\t<\/div>\n\t\t\n\t\t\t\t\t\t<\/div>\n\t\t\t\t<\/div>\n\t\t\t\t\t<\/div>\n\t\t<\/div>\n\t\t\t\t<div class=\"elementor-column elementor-col-50 elementor-top-column elementor-element elementor-element-3b733fda\" data-id=\"3b733fda\" data-element_type=\"column\" data-e-type=\"column\">\n\t\t\t<div class=\"elementor-widget-wrap elementor-element-populated\">\n\t\t\t\t\t\t<div class=\"elementor-element elementor-element-211271c7 elementor-widget elementor-widget-arcdeco-service\" data-id=\"211271c7\" data-element_type=\"widget\" data-e-type=\"widget\" data-widget_type=\"arcdeco-service.default\">\n\t\t\t\t<div class=\"elementor-widget-container\">\n\t\t\t\t\t\t\t\n\t\t<!-- Item -->\n\t    <div class=\"services__item js-scroll-show overlay--45\">\n\t    \t\t    \t\t\t    <div class=\"services__item-bg js-image\" data-image=\"https:\/\/omniahome.cat\/wp-content\/uploads\/2021\/04\/Ruiz-de-Padron-serveis.jpg\"><\/div>\n\t\t                <div class=\"services__item-details\">\n            \t\t\t\t    <h4 class=\"title title--h3 js-lines\">\n\t\t\t    \t<span >Gesti\u00f3 integral de projectes<\/span>\n\t\t\t    <\/h4>\n\t\t\t\t\t\t\t\t\t\t\t\t<p class=\"description js-lines\">\n\t\t\t\t\t<span >\u00b7 Captaci\u00f3 del producte<br>\n\u00b7 Contractaci\u00f3 i auditor\u00eda del projecte<br>\n\u00b7 Project Management<br>\n\u00b7 Gesti\u00f3 de ventes<br>\n\u00b7 Articulaci\u00f3 de les operacions administratives<br>\n\u00b7 Assessorament jur\u00eddic i fiscal<br>\n\n<\/span>\n\t\t\t\t<\/p>\n\t\t\t\t\t\t\t<\/div>\n\t\t\t\t\t<\/div>\n\t\t\n\t\t\t\t\t\t<\/div>\n\t\t\t\t<\/div>\n\t\t\t\t\t<\/div>\n\t\t<\/div>\n\t\t\t\t\t<\/div>\n\t\t<\/section>\n\t\t\t\t<section class=\"elementor-section elementor-top-section elementor-element elementor-element-b7176e3 elementor-section-boxed elementor-section-height-default elementor-section-height-default\" data-id=\"b7176e3\" data-element_type=\"section\" data-e-type=\"section\">\n\t\t\t\t\t\t<div class=\"elementor-container elementor-column-gap-default\">\n\t\t\t\t\t<div class=\"elementor-column elementor-col-33 elementor-top-column elementor-element elementor-element-6550810\" data-id=\"6550810\" data-element_type=\"column\" data-e-type=\"column\">\n\t\t\t<div class=\"elementor-widget-wrap elementor-element-populated\">\n\t\t\t\t\t\t<div class=\"elementor-element elementor-element-8eadc61 elementor-widget elementor-widget-counter\" data-id=\"8eadc61\" data-element_type=\"widget\" data-e-type=\"widget\" data-widget_type=\"counter.default\">\n\t\t\t\t<div class=\"elementor-widget-container\">\n\t\t\t\t\t\t\t<div class=\"elementor-counter\">\n\t\t\t<div class=\"elementor-counter-title\">Projectes realitzats<\/div>\t\t\t<div class=\"elementor-counter-number-wrapper\">\n\t\t\t\t<span class=\"elementor-counter-number-prefix\"><\/span>\n\t\t\t\t<span class=\"elementor-counter-number\" data-duration=\"2000\" data-to-value=\"14\" data-from-value=\"0\" data-delimiter=\",\">0<\/span>\n\t\t\t\t<span class=\"elementor-counter-number-suffix\"><\/span>\n\t\t\t<\/div>\n\t\t<\/div>\n\t\t\t\t\t\t<\/div>\n\t\t\t\t<\/div>\n\t\t\t\t\t<\/div>\n\t\t<\/div>\n\t\t\t\t<div class=\"elementor-column elementor-col-33 elementor-top-column elementor-element elementor-element-a37484e\" data-id=\"a37484e\" data-element_type=\"column\" data-e-type=\"column\">\n\t\t\t<div class=\"elementor-widget-wrap elementor-element-populated\">\n\t\t\t\t\t\t<div class=\"elementor-element elementor-element-afc0e40 elementor-widget elementor-widget-counter\" data-id=\"afc0e40\" data-element_type=\"widget\" data-e-type=\"widget\" data-widget_type=\"counter.default\">\n\t\t\t\t<div class=\"elementor-widget-container\">\n\t\t\t\t\t\t\t<div class=\"elementor-counter\">\n\t\t\t<div class=\"elementor-counter-title\">Habitatges construits<\/div>\t\t\t<div class=\"elementor-counter-number-wrapper\">\n\t\t\t\t<span class=\"elementor-counter-number-prefix\"><\/span>\n\t\t\t\t<span class=\"elementor-counter-number\" data-duration=\"2000\" data-to-value=\"92\" data-from-value=\"0\" data-delimiter=\",\">0<\/span>\n\t\t\t\t<span class=\"elementor-counter-number-suffix\"><\/span>\n\t\t\t<\/div>\n\t\t<\/div>\n\t\t\t\t\t\t<\/div>\n\t\t\t\t<\/div>\n\t\t\t\t\t<\/div>\n\t\t<\/div>\n\t\t\t\t<div class=\"elementor-column elementor-col-33 elementor-top-column elementor-element elementor-element-24dadbc\" data-id=\"24dadbc\" data-element_type=\"column\" data-e-type=\"column\">\n\t\t\t<div class=\"elementor-widget-wrap elementor-element-populated\">\n\t\t\t\t\t\t<div class=\"elementor-element elementor-element-b476b92 elementor-widget elementor-widget-counter\" data-id=\"b476b92\" data-element_type=\"widget\" data-e-type=\"widget\" data-widget_type=\"counter.default\">\n\t\t\t\t<div class=\"elementor-widget-container\">\n\t\t\t\t\t\t\t<div class=\"elementor-counter\">\n\t\t\t<div class=\"elementor-counter-title\">En ventes<\/div>\t\t\t<div class=\"elementor-counter-number-wrapper\">\n\t\t\t\t<span class=\"elementor-counter-number-prefix\"><\/span>\n\t\t\t\t<span class=\"elementor-counter-number\" data-duration=\"2000\" data-to-value=\"30\" data-from-value=\"0\" data-delimiter=\".\">0<\/span>\n\t\t\t\t<span class=\"elementor-counter-number-suffix\"> M\u20ac<\/span>\n\t\t\t<\/div>\n\t\t<\/div>\n\t\t\t\t\t\t<\/div>\n\t\t\t\t<\/div>\n\t\t\t\t\t<\/div>\n\t\t<\/div>\n\t\t\t\t\t<\/div>\n\t\t<\/section>\n\t\t\t\t<\/div>\n\t\t","protected":false},"excerpt":{"rendered":"<p>Qu\u00e8 fem? Serveis. A OMNIA Home estem enfocats a oferir als nostres clients uns serveis personalitzats al detall. Des de captaci\u00f3 a producte, a gesti\u00f3 de postventa, englobem tots els serveis necessaris per a dur a terme amb \u00e8xit una promoci\u00f3. Dividim els serveis&#8230; <\/p>\n<div><a href=\"https:\/\/omniahome.cat\/?page_id=84\" class=\"btn-link\">READ MORE<\/a><\/div>\n","protected":false},"author":1,"featured_media":0,"parent":0,"menu_order":0,"comment_status":"closed","ping_status":"closed","template":"elementor_header_footer","meta":{"footnotes":""},"class_list":["post-84","page","type-page","status-publish","hentry"],"_links":{"self":[{"href":"https:\/\/omniahome.cat\/index.php?rest_route=\/wp\/v2\/pages\/84","targetHints":{"allow":["GET"]}}],"collection":[{"href":"https:\/\/omniahome.cat\/index.php?rest_route=\/wp\/v2\/pages"}],"about":[{"href":"https:\/\/omniahome.cat\/index.php?rest_route=\/wp\/v2\/types\/page"}],"author":[{"embeddable":true,"href":"https:\/\/omniahome.cat\/index.php?rest_route=\/wp\/v2\/users\/1"}],"replies":[{"embeddable":true,"href":"https:\/\/omniahome.cat\/index.php?rest_route=%2Fwp%2Fv2%2Fcomments&post=84"}],"version-history":[{"count":46,"href":"https:\/\/omniahome.cat\/index.php?rest_route=\/wp\/v2\/pages\/84\/revisions"}],"predecessor-version":[{"id":1102,"href":"https:\/\/omniahome.cat\/index.php?rest_route=\/wp\/v2\/pages\/84\/revisions\/1102"}],"wp:attachment":[{"href":"https:\/\/omniahome.cat\/index.php?rest_route=%2Fwp%2Fv2%2Fmedia&parent=84"}],"curies":[{"name":"wp","href":"https:\/\/api.w.org\/{rel}","templated":true}]}}